{"id":172,"date":"2020-12-07T18:17:13","date_gmt":"2020-12-07T17:17:13","guid":{"rendered":"https:\/\/bioextrasolum.it\/?page_id=172"},"modified":"2020-12-18T08:14:15","modified_gmt":"2020-12-18T07:14:15","slug":"consulenza","status":"publish","type":"page","link":"https:\/\/bioextrasolum.it\/it\/consulenza\/","title":{"rendered":"Consulenza"},"content":{"rendered":"<div id='av_section_1'  class='avia-section main_color avia-section-large avia-no-border-styling  av-parallax-section avia-bg-style-parallax  avia-builder-el-0  el_before_av_one_full  avia-builder-el-first  header-int  container_wrap sidebar_right' style=' '  data-section-bg-repeat='no-repeat'><div class='av-parallax' data-avia-parallax-ratio='0.3' ><div class='av-parallax-inner main_color  avia-full-stretch' style = 'background-repeat: no-repeat; background-image: url(https:\/\/bioextrasolum.it\/wp-content\/uploads\/2020\/12\/consulenza2.jpg);background-attachment: scroll; background-position: center center; ' ><\/div><\/div><div class='container' ><main  role=\"main\" itemprop=\"mainContentOfPage\"  class='template-page content  av-content-small alpha units'><div class='post-entry post-entry-type-page post-entry-172'><div class='entry-content-wrapper clearfix'>\n<div  style='padding-bottom:10px; ' class='av-special-heading av-special-heading-h2  blockquote modern-quote  avia-builder-el-1  avia-builder-el-no-sibling  '><h2 class='av-special-heading-tag '  itemprop=\"headline\"  >Bio Extra Solum, i consulenti di chi investe sul futuro.<\/h2><div class ='av-subheading av-subheading_below  ' style='font-size:15px;'><p>SOLUZIONI PER L\u2019AGRICOLTURA VERTICALE, PERCH\u00c8 SCEGLIERE NOI?<\/p>\n<\/div><div class='special-heading-border'><div class='special-heading-inner-border' ><\/div><\/div><\/div>\n<\/div><\/div><\/main><!-- close content main element --><\/div><\/div><div id='after_section_1'  class='main_color av_default_container_wrap container_wrap sidebar_right' style=' '  ><div class='container' ><div class='template-page content  av-content-small alpha units'><div class='post-entry post-entry-type-page post-entry-172'><div class='entry-content-wrapper clearfix'>\n<div class=\"flex_column av_one_full  flex_column_div av-zero-column-padding first  avia-builder-el-2  el_after_av_section  el_before_av_section  avia-builder-el-no-sibling  \" style='border-radius:0px; '><section class=\"av_textblock_section \"  itemscope=\"itemscope\" itemtype=\"https:\/\/schema.org\/CreativeWork\" ><div class='avia_textblock  '   itemprop=\"text\" ><p class=\"p1\"><span class=\"s1\">La risposta \u00e8 semplice. <strong>Perch\u00e9 abbiamo le competenze per progettarlo<\/strong>, raccogliere i fondi, costruirlo, farlo funzionare, migliorarlo e infine renderlo redditizio.\u00a0<\/span><\/p>\n<p class=\"p1\"><span class=\"s1\">C\u2019\u00e8 ancora qualcosa in pi\u00f9 che possiamo offrire a chi vuole investire in un progetto di Vertical Farming: la nostra \u00e8 un\u2019esperienza maturata in oltre quarant\u2019anni di lavoro.<\/span><\/p>\n<p class=\"p1\"><span class=\"s1\">Ci\u00f2 che ci differenzia, infatti, \u00e8 la <strong>conoscenza della materia prima<\/strong>, dei suoi bisogni e delle sue peculiarit\u00e0. Senza questa base non si possono ottenere risultati validi, anche con le migliori tecnologie a disposizione.<\/span><\/p>\n<p class=\"p1\"><span class=\"s1\">Il <strong>green deal<\/strong> \u00e8 un argomento in cui l\u2019opinione pubblica e le Istituzioni pongono grande attenzione; essere protagonisti del cambiamento in modo consapevole e preparato \u00e8 alla base dell\u2019agricoltura e degli investimenti del futuro.<\/span><\/p>\n<\/div><\/section><br \/>\n<section class=\"av_textblock_section \"  itemscope=\"itemscope\" itemtype=\"https:\/\/schema.org\/CreativeWork\" ><div class='avia_textblock  '   itemprop=\"text\" ><p class=\"p1\"><span class=\"s1\"><strong>IL NOSTRO KNOW-HOW AL VOSTRO SERVIZIO<\/strong><\/span><\/p>\n<p class=\"p1\"><span class=\"s1\">Cosa offriamo:<\/span><\/p>\n<p class=\"p1\"><span class=\"s1\">\u2022 Grazie all\u2019 esperienza nella costruzione di prototipi, la possibilit\u00e0 di usufruire degli spazi adibiti alla sperimentazione e al development all\u2019interno del nostro Vertical-Farming.<\/span><\/p>\n<p class=\"p1\"><span class=\"s1\">\u2022 Un percorso del tutto personalizzato per sperimentare e confrontare SUL CAMPO nuove soluzioni.\u00a0<\/span><\/p>\n<p class=\"p1\"><span class=\"s1\">\u2022 Consulenza sulla progettazione e realizzazione di Impianti di irrigazione ottimizzati e specifici, mirati al risparmio idrico e all&#8217;automazione.<\/span><\/p>\n<p class=\"p1\"><span class=\"s1\">\u2022 Miglioramento della qualit\u00e0 e gestione dell&#8217;acqua come base per la fertirrigazione.\u00a0<\/span><\/p>\n<p class=\"p1\"><span class=\"s1\">\u2022 Soluzioni innovative per il recupero dei reflui di irrigazione con metodi naturali ed economici.<\/span><\/p>\n<p class=\"p1\"><span class=\"s1\">\u2022 Ricerca e sperimentazione di variet\u00e0 colturali pi\u00f9 adatte al Vertical-farming e coltivazioni idroponiche.<\/span><\/p>\n<\/div><\/section><br \/>\n<section class=\"av_textblock_section \"  itemscope=\"itemscope\" itemtype=\"https:\/\/schema.org\/CreativeWork\" ><div class='avia_textblock  '   itemprop=\"text\" ><p class=\"p1\"><span class=\"s1\">\u2022 Formulazione di ricette organiche e stimolanti per la concimazione della pianta e scelta dei substrati pi\u00f9 adatti alle esigenze.<\/span><\/p>\n<p class=\"p1\"><span class=\"s1\">\u2022 Grazie alla collaborazione e all&#8217;esperienza con Ecs, azienda leader nella movimentazione industriale e nello stoccaggio, studiamo soluzioni altamente efficienti per il magazzino e la gestione dell\u2019azienda.<\/span><\/p>\n<p class=\"p1\"><span class=\"s1\">\u2022 Sperimentazione di alveoli e seminiere in base alle vostre esigenze colturali.\u00a0<\/span><\/p>\n<p class=\"p1\"><span class=\"s1\">\u2022 Formazione del personale addetto all&#8217;uso e alla manutenzione di tutti i macchinari e consulenza per il loro eventuale acquisto.<\/span><\/p>\n<p class=\"p1\"><span class=\"s1\">\u2022 Affiancamento e consulenza nella gestione degli aspetti burocratici legati al mondo dell&#8217;agricoltura, al conseguimento delle certificazioni necessarie e all\u2019adesione a piani di sviluppo rurale.\u00a0<\/span><\/p>\n<p class=\"p1\"><span class=\"s1\">\u2022 Customer care e assistenza post-vendita.<\/span><\/p>\n<\/div><\/section><\/p><\/div>\n<\/div><\/div><\/div><!-- close content main div --><\/div><\/div><div id='av_section_2'  class='avia-section main_color avia-section-default avia-no-border-styling  avia-bg-style-scroll  avia-builder-el-6  el_after_av_one_full  avia-builder-el-last   container_wrap sidebar_right' style=' '  ><div class='container' ><div class='template-page content  av-content-small alpha units'><div class='post-entry post-entry-type-page post-entry-172'><div class='entry-content-wrapper clearfix'>\n<div  class='avia-video avia-video-16-9 avia-video-html5  ' style='background-image:url(\"https:\/\/bioextrasolum.it\/wp-content\/uploads\/2020\/12\/doc-bioextrasolum.jpg\");'  itemprop=\"video\" itemtype=\"https:\/\/schema.org\/VideoObject\"  data-original_url='https:\/\/bioextrasolum.it\/wp-content\/uploads\/2020\/12\/video-doc.mp4' ><video class='avia_video' poster=\"https:\/\/bioextrasolum.it\/wp-content\/uploads\/2020\/12\/doc-bioextrasolum.jpg\"   preload=\"auto\"  controls id='player_172_752862555_1941234617'><source src=\"https:\/\/bioextrasolum.it\/wp-content\/uploads\/2020\/12\/video-doc.mp4\" type=\"video\/mp4\" \/><\/video><\/div>\n<\/div><\/div><\/div><!-- close content main div --><\/div><\/div><div id='after_section_2'  class='main_color av_default_container_wrap container_wrap sidebar_right' style=' '  ><div class='container' ><div class='template-page content  av-content-small alpha units'><div class='post-entry post-entry-type-page post-entry-172'><div class='entry-content-wrapper clearfix'>\n","protected":false},"excerpt":{"rendered":"","protected":false},"author":2,"featured_media":0,"parent":0,"menu_order":0,"comment_status":"closed","ping_status":"closed","template":"","meta":[],"yoast_head":"<!-- This site is optimized with the Yoast SEO plugin v20.7 - https:\/\/yoast.com\/wordpress\/plugins\/seo\/ -->\n<title>Consulenza - Azienda Agricola Bio Extra Solum di Vittorio Gariglio<\/title>\n<meta name=\"robots\" content=\"index, follow, max-snippet:-1, max-image-preview:large, max-video-preview:-1\" \/>\n<link rel=\"canonical\" href=\"https:\/\/bioextrasolum.it\/it\/consulenza\/\" \/>\n<meta property=\"og:locale\" content=\"it_IT\" \/>\n<meta property=\"og:type\" content=\"article\" \/>\n<meta property=\"og:title\" content=\"Consulenza - Azienda Agricola Bio Extra Solum di Vittorio Gariglio\" \/>\n<meta property=\"og:url\" content=\"https:\/\/bioextrasolum.it\/it\/consulenza\/\" \/>\n<meta property=\"og:site_name\" content=\"Azienda Agricola Bio Extra Solum di Vittorio Gariglio\" \/>\n<meta property=\"article:modified_time\" content=\"2020-12-18T07:14:15+00:00\" \/>\n<meta name=\"twitter:card\" content=\"summary_large_image\" \/>\n<meta name=\"twitter:label1\" content=\"Tempo di lettura stimato\" \/>\n\t<meta name=\"twitter:data1\" content=\"5 minuti\" \/>\n<script type=\"application\/ld+json\" class=\"yoast-schema-graph\">{\"@context\":\"https:\/\/schema.org\",\"@graph\":[{\"@type\":\"WebPage\",\"@id\":\"https:\/\/bioextrasolum.it\/it\/consulenza\/\",\"url\":\"https:\/\/bioextrasolum.it\/it\/consulenza\/\",\"name\":\"Consulenza - Azienda Agricola Bio Extra Solum di Vittorio Gariglio\",\"isPartOf\":{\"@id\":\"https:\/\/bioextrasolum.it\/it\/#website\"},\"datePublished\":\"2020-12-07T17:17:13+00:00\",\"dateModified\":\"2020-12-18T07:14:15+00:00\",\"breadcrumb\":{\"@id\":\"https:\/\/bioextrasolum.it\/it\/consulenza\/#breadcrumb\"},\"inLanguage\":\"it-IT\",\"potentialAction\":[{\"@type\":\"ReadAction\",\"target\":[\"https:\/\/bioextrasolum.it\/it\/consulenza\/\"]}]},{\"@type\":\"BreadcrumbList\",\"@id\":\"https:\/\/bioextrasolum.it\/it\/consulenza\/#breadcrumb\",\"itemListElement\":[{\"@type\":\"ListItem\",\"position\":1,\"name\":\"Home\",\"item\":\"https:\/\/bioextrasolum.it\/it\/homepage\/\"},{\"@type\":\"ListItem\",\"position\":2,\"name\":\"Consulenza\"}]},{\"@type\":\"WebSite\",\"@id\":\"https:\/\/bioextrasolum.it\/it\/#website\",\"url\":\"https:\/\/bioextrasolum.it\/it\/\",\"name\":\"Azienda Agricola Bio Extra Solum di Vittorio Gariglio\",\"description\":\"\",\"potentialAction\":[{\"@type\":\"SearchAction\",\"target\":{\"@type\":\"EntryPoint\",\"urlTemplate\":\"https:\/\/bioextrasolum.it\/it\/?s={search_term_string}\"},\"query-input\":\"required name=search_term_string\"}],\"inLanguage\":\"it-IT\"}]}<\/script>\n<!-- \/ Yoast SEO plugin. -->","yoast_head_json":{"title":"Consulenza - Azienda Agricola Bio Extra Solum di Vittorio Gariglio","robots":{"index":"index","follow":"follow","max-snippet":"max-snippet:-1","max-image-preview":"max-image-preview:large","max-video-preview":"max-video-preview:-1"},"canonical":"https:\/\/bioextrasolum.it\/it\/consulenza\/","og_locale":"it_IT","og_type":"article","og_title":"Consulenza - Azienda Agricola Bio Extra Solum di Vittorio Gariglio","og_url":"https:\/\/bioextrasolum.it\/it\/consulenza\/","og_site_name":"Azienda Agricola Bio Extra Solum di Vittorio Gariglio","article_modified_time":"2020-12-18T07:14:15+00:00","twitter_card":"summary_large_image","twitter_misc":{"Tempo di lettura stimato":"5 minuti"},"schema":{"@context":"https:\/\/schema.org","@graph":[{"@type":"WebPage","@id":"https:\/\/bioextrasolum.it\/it\/consulenza\/","url":"https:\/\/bioextrasolum.it\/it\/consulenza\/","name":"Consulenza - Azienda Agricola Bio Extra Solum di Vittorio Gariglio","isPartOf":{"@id":"https:\/\/bioextrasolum.it\/it\/#website"},"datePublished":"2020-12-07T17:17:13+00:00","dateModified":"2020-12-18T07:14:15+00:00","breadcrumb":{"@id":"https:\/\/bioextrasolum.it\/it\/consulenza\/#breadcrumb"},"inLanguage":"it-IT","potentialAction":[{"@type":"ReadAction","target":["https:\/\/bioextrasolum.it\/it\/consulenza\/"]}]},{"@type":"BreadcrumbList","@id":"https:\/\/bioextrasolum.it\/it\/consulenza\/#breadcrumb","itemListElement":[{"@type":"ListItem","position":1,"name":"Home","item":"https:\/\/bioextrasolum.it\/it\/homepage\/"},{"@type":"ListItem","position":2,"name":"Consulenza"}]},{"@type":"WebSite","@id":"https:\/\/bioextrasolum.it\/it\/#website","url":"https:\/\/bioextrasolum.it\/it\/","name":"Azienda Agricola Bio Extra Solum di Vittorio Gariglio","description":"","potentialAction":[{"@type":"SearchAction","target":{"@type":"EntryPoint","urlTemplate":"https:\/\/bioextrasolum.it\/it\/?s={search_term_string}"},"query-input":"required name=search_term_string"}],"inLanguage":"it-IT"}]}},"_links":{"self":[{"href":"https:\/\/bioextrasolum.it\/it\/wp-json\/wp\/v2\/pages\/172\/"}],"collection":[{"href":"https:\/\/bioextrasolum.it\/it\/wp-json\/wp\/v2\/pages\/"}],"about":[{"href":"https:\/\/bioextrasolum.it\/it\/wp-json\/wp\/v2\/types\/page\/"}],"author":[{"embeddable":true,"href":"https:\/\/bioextrasolum.it\/it\/wp-json\/wp\/v2\/users\/2\/"}],"replies":[{"embeddable":true,"href":"https:\/\/bioextrasolum.it\/it\/wp-json\/wp\/v2\/comments\/?post=172"}],"version-history":[{"count":12,"href":"https:\/\/bioextrasolum.it\/it\/wp-json\/wp\/v2\/pages\/172\/revisions\/"}],"predecessor-version":[{"id":619,"href":"https:\/\/bioextrasolum.it\/it\/wp-json\/wp\/v2\/pages\/172\/revisions\/619\/"}],"wp:attachment":[{"href":"https:\/\/bioextrasolum.it\/it\/wp-json\/wp\/v2\/media\/?parent=172"}],"curies":[{"name":"wp","href":"https:\/\/api.w.org\/{rel}","templated":true}]}}