{"id":19,"date":"2020-11-21T19:35:31","date_gmt":"2020-11-21T18:35:31","guid":{"rendered":"http:\/\/bioextrasolum.it\/?page_id=19"},"modified":"2020-12-14T18:39:26","modified_gmt":"2020-12-14T17:39:26","slug":"lazienda","status":"publish","type":"page","link":"https:\/\/bioextrasolum.it\/it\/lazienda\/","title":{"rendered":"L&#8217;Azienda"},"content":{"rendered":"<div id='av_section_1'  class='avia-section main_color avia-section-large avia-no-border-styling  av-parallax-section avia-bg-style-parallax  avia-builder-el-0  el_before_av_section  avia-builder-el-first  header-int  container_wrap sidebar_right' style=' '  data-section-bg-repeat='no-repeat'><div class='av-parallax' data-avia-parallax-ratio='0.3' ><div class='av-parallax-inner main_color  avia-full-stretch' style = 'background-repeat: no-repeat; background-image: url(https:\/\/bioextrasolum.it\/wp-content\/uploads\/2020\/12\/serra.png);background-attachment: scroll; background-position: center center; ' ><\/div><\/div><div class='container' ><main  role=\"main\" itemprop=\"mainContentOfPage\"  class='template-page content  av-content-small alpha units'><div class='post-entry post-entry-type-page post-entry-19'><div class='entry-content-wrapper clearfix'>\n<div  style='padding-bottom:10px; ' class='av-special-heading av-special-heading-h2  blockquote modern-quote  avia-builder-el-1  avia-builder-el-no-sibling  '><h2 class='av-special-heading-tag '  itemprop=\"headline\"  >Bio Extra Solum<\/h2><div class ='av-subheading av-subheading_below  ' style='font-size:15px;'><p>LA TECNOLOGIA CHE RISPETTA LA NATURA<\/p>\n<\/div><div class='special-heading-border'><div class='special-heading-inner-border' ><\/div><\/div><\/div>\n\n<\/div><\/div><\/main><!-- close content main element --><\/div><\/div><div id='av_section_2'  class='avia-section main_color avia-section-default avia-no-border-styling  avia-bg-style-scroll  avia-builder-el-2  el_after_av_section  el_before_av_one_half   container_wrap sidebar_right' style=' '  ><div class='container' ><div class='template-page content  av-content-small alpha units'><div class='post-entry post-entry-type-page post-entry-19'><div class='entry-content-wrapper clearfix'>\n<div class=\"flex_column av_one_full  flex_column_div av-zero-column-padding first  avia-builder-el-3  avia-builder-el-no-sibling  \" style='border-radius:0px; '><section class=\"av_textblock_section \"  itemscope=\"itemscope\" itemtype=\"https:\/\/schema.org\/CreativeWork\" ><div class='avia_textblock  '   itemprop=\"text\" ><p class=\"p1\"><span class=\"s1\">La <strong>BIO EXTRA SOLUM<\/strong> si prende cura del consumatore e dell\u2019ambiente, offrendo un prodotto di grande qualit\u00e0 e biologico (codice operatore EN91) controllato e certificato da CCPB s.r.l. (IT BIO 009), organismo di controllo certificato dal MIPAAF.<\/span><\/p>\n<p class=\"p1\"><span class=\"s1\">Iniziando dai concimi e finendo con gli imballaggi, utilizziamo <strong>solo materie riciclabili e prive di sostanze di origine animale<\/strong> (certificati VEGANOK &#8211; codice azienda n.1009), nel pieno rispetto delle regole di un\u2019agricoltura vegan e sostenibile.<\/span><\/p>\n<p class=\"p1\"><span class=\"s1\">La <strong>BIO EXTRA SOLUM<\/strong> \u00e8 parte attiva nel cambiamento verso un utilizzo pi\u00f9 responsabile delle risorse: meno sprechi e pi\u00f9 rispetto per l\u2019ambiente. L\u2019energia consumata nella nostra azienda deriva infatti da fonti rinnovabili, grazie ad un impianto fotovoltaico e all\u2019acquisto di energia certificata <strong>100% rinnovabile<\/strong>.<\/span><\/p>\n<\/div><\/section><br \/>\n<section class=\"av_textblock_section \"  itemscope=\"itemscope\" itemtype=\"https:\/\/schema.org\/CreativeWork\" ><div class='avia_textblock  '   itemprop=\"text\" ><p class=\"p1\"><span class=\"s1\">Ci contraddistingue una continua ricerca verso l&#8217;innovazione tecnologica che ci permette di individuare soluzioni sempre pi\u00f9 all\u2019avanguardia nelle nostre coltivazioni, ne sono un esempio la nostra serra e l\u2019innovativa <strong>Vertical Farm<\/strong>, costruite pensando all\u2019agricoltura di cui avremo bisogno nel nostro immediato futuro.<\/span><\/p>\n<p class=\"p1\"><span class=\"s1\">La passione per il nostro lavoro si ritrova in tutta la genuinit\u00e0 delle nostre piante: prodotti dal gusto tradizionale e dall\u2019anima nobile.\u00a0<\/span><\/p>\n<\/div><\/section><br \/>\n<div  style='height:50px' class='hr hr-invisible   avia-builder-el-6  el_after_av_textblock  el_before_av_image '><span class='hr-inner ' ><span class='hr-inner-style'><\/span><\/span><\/div><br \/>\n<div  class='avia-image-container  av-styling-    avia-builder-el-7  el_after_av_hr  el_before_av_image  avia-align-center '  itemprop=\"image\" itemscope=\"itemscope\" itemtype=\"https:\/\/schema.org\/ImageObject\"  ><div class='avia-image-container-inner'><div class='avia-image-overlay-wrap'><img class='avia_image' src='https:\/\/bioextrasolum.it\/wp-content\/uploads\/2020\/12\/bioextrasolum-azienda-1-1.png' alt='' title='bioextrasolum-azienda-1' height=\"548\" width=\"1128\"  itemprop=\"thumbnailUrl\"  \/><\/div><\/div><\/div><br \/>\n<div  class='avia-image-container  av-styling-    avia-builder-el-8  el_after_av_image  avia-builder-el-last  avia-align-center '  itemprop=\"image\" itemscope=\"itemscope\" itemtype=\"https:\/\/schema.org\/ImageObject\"  ><div class='avia-image-container-inner'><div class='avia-image-overlay-wrap'><img class='avia_image' src='https:\/\/bioextrasolum.it\/wp-content\/uploads\/2020\/12\/DJI_0108-2.jpg' alt='' title='DCIM100MEDIADJI_0108.JPG' height=\"2237\" width=\"2100\"  itemprop=\"thumbnailUrl\"  \/><\/div><\/div><\/div><\/p><\/div><\/div><\/div><\/div><!-- close content main div --><\/div><\/div><div id='after_section_2'  class='main_color av_default_container_wrap container_wrap sidebar_right' style=' '  ><div class='container' ><div class='template-page content  av-content-small alpha units'><div class='post-entry post-entry-type-page post-entry-19'><div class='entry-content-wrapper clearfix'><div class=\"flex_column av_one_half  flex_column_div av-zero-column-padding first  avia-builder-el-9  el_after_av_section  el_before_av_one_half  avia-builder-el-first  \" style='border-radius:0px; '><\/div><\/p>\n<div class=\"flex_column av_one_half  flex_column_div av-zero-column-padding   avia-builder-el-10  el_after_av_one_half  el_before_av_section  avia-builder-el-last  \" style='border-radius:0px; '><\/div>\n<\/div><\/div><\/div><!-- close content main div --><\/div><\/div><div id='av_section_3'  class='avia-section main_color avia-section-default avia-no-border-styling  avia-bg-style-scroll  avia-builder-el-11  el_after_av_one_half  avia-builder-el-last   container_wrap sidebar_right' style=' '  ><div class='container' ><div class='template-page content  av-content-small alpha units'><div class='post-entry post-entry-type-page post-entry-19'><div class='entry-content-wrapper clearfix'>\n<article  class=\"iconbox iconbox_top main_color    avia-builder-el-12  avia-builder-el-no-sibling  \"  itemscope=\"itemscope\" itemtype=\"https:\/\/schema.org\/CreativeWork\" ><div class=\"iconbox_content\"><header class=\"entry-content-header\"><div class=\"iconbox_icon heading-color \" aria-hidden='true' data-av_icon='\ue8b8' data-av_iconfont='entypo-fontello'  ><\/div><h3 class='iconbox_content_title  '  itemprop=\"headline\"  >Leggi di pi\u00f9 su Bio Extra Solum!<\/h3><\/header><div class='iconbox_content_container  '  itemprop=\"text\"  ><p>Leggi gli articoli <a href=\"https:\/\/bioextrasolum.it\/it\/bio-extra-solum-sceglie-veganok\/\">Bio Extra Solum sceglie VEGANOK!<\/a> e <a href=\"https:\/\/bioextrasolum.it\/it\/riconoscimento-ismea-della-nostra-vertical-farming\/\">Innova in azione \u2013 Innovazioni in campo agricolo<\/a><\/p>\n<\/div><\/div><footer class=\"entry-footer\"><\/footer><\/article>\n<\/div><\/div><\/div><!-- close content main div --><\/div><\/div><div id='after_section_3'  class='main_color av_default_container_wrap container_wrap sidebar_right' style=' '  ><div class='container' ><div class='template-page content  av-content-small alpha units'><div class='post-entry post-entry-type-page post-entry-19'><div class='entry-content-wrapper clearfix'>\n","protected":false},"excerpt":{"rendered":"","protected":false},"author":2,"featured_media":0,"parent":0,"menu_order":0,"comment_status":"closed","ping_status":"closed","template":"","meta":[],"yoast_head":"<!-- This site is optimized with the Yoast SEO plugin v20.7 - https:\/\/yoast.com\/wordpress\/plugins\/seo\/ -->\n<title>L&#039;Azienda - Azienda Agricola Bio Extra Solum di Vittorio Gariglio<\/title>\n<meta name=\"robots\" content=\"index, follow, max-snippet:-1, max-image-preview:large, max-video-preview:-1\" \/>\n<link rel=\"canonical\" href=\"https:\/\/bioextrasolum.it\/it\/lazienda\/\" \/>\n<meta property=\"og:locale\" content=\"it_IT\" \/>\n<meta property=\"og:type\" content=\"article\" \/>\n<meta property=\"og:title\" content=\"L&#039;Azienda - Azienda Agricola Bio Extra Solum di Vittorio Gariglio\" \/>\n<meta property=\"og:url\" content=\"https:\/\/bioextrasolum.it\/it\/lazienda\/\" \/>\n<meta property=\"og:site_name\" content=\"Azienda Agricola Bio Extra Solum di Vittorio Gariglio\" \/>\n<meta property=\"article:modified_time\" content=\"2020-12-14T17:39:26+00:00\" \/>\n<meta name=\"twitter:card\" content=\"summary_large_image\" \/>\n<meta name=\"twitter:label1\" content=\"Tempo di lettura stimato\" \/>\n\t<meta name=\"twitter:data1\" content=\"7 minuti\" \/>\n<script type=\"application\/ld+json\" class=\"yoast-schema-graph\">{\"@context\":\"https:\/\/schema.org\",\"@graph\":[{\"@type\":\"WebPage\",\"@id\":\"https:\/\/bioextrasolum.it\/it\/lazienda\/\",\"url\":\"https:\/\/bioextrasolum.it\/it\/lazienda\/\",\"name\":\"L'Azienda - Azienda Agricola Bio Extra Solum di Vittorio Gariglio\",\"isPartOf\":{\"@id\":\"https:\/\/bioextrasolum.it\/it\/#website\"},\"datePublished\":\"2020-11-21T18:35:31+00:00\",\"dateModified\":\"2020-12-14T17:39:26+00:00\",\"breadcrumb\":{\"@id\":\"https:\/\/bioextrasolum.it\/it\/lazienda\/#breadcrumb\"},\"inLanguage\":\"it-IT\",\"potentialAction\":[{\"@type\":\"ReadAction\",\"target\":[\"https:\/\/bioextrasolum.it\/it\/lazienda\/\"]}]},{\"@type\":\"BreadcrumbList\",\"@id\":\"https:\/\/bioextrasolum.it\/it\/lazienda\/#breadcrumb\",\"itemListElement\":[{\"@type\":\"ListItem\",\"position\":1,\"name\":\"Home\",\"item\":\"https:\/\/bioextrasolum.it\/it\/homepage\/\"},{\"@type\":\"ListItem\",\"position\":2,\"name\":\"L&#8217;Azienda\"}]},{\"@type\":\"WebSite\",\"@id\":\"https:\/\/bioextrasolum.it\/it\/#website\",\"url\":\"https:\/\/bioextrasolum.it\/it\/\",\"name\":\"Azienda Agricola Bio Extra Solum di Vittorio Gariglio\",\"description\":\"\",\"potentialAction\":[{\"@type\":\"SearchAction\",\"target\":{\"@type\":\"EntryPoint\",\"urlTemplate\":\"https:\/\/bioextrasolum.it\/it\/?s={search_term_string}\"},\"query-input\":\"required name=search_term_string\"}],\"inLanguage\":\"it-IT\"}]}<\/script>\n<!-- \/ Yoast SEO plugin. -->","yoast_head_json":{"title":"L'Azienda - Azienda Agricola Bio Extra Solum di Vittorio Gariglio","robots":{"index":"index","follow":"follow","max-snippet":"max-snippet:-1","max-image-preview":"max-image-preview:large","max-video-preview":"max-video-preview:-1"},"canonical":"https:\/\/bioextrasolum.it\/it\/lazienda\/","og_locale":"it_IT","og_type":"article","og_title":"L'Azienda - Azienda Agricola Bio Extra Solum di Vittorio Gariglio","og_url":"https:\/\/bioextrasolum.it\/it\/lazienda\/","og_site_name":"Azienda Agricola Bio Extra Solum di Vittorio Gariglio","article_modified_time":"2020-12-14T17:39:26+00:00","twitter_card":"summary_large_image","twitter_misc":{"Tempo di lettura stimato":"7 minuti"},"schema":{"@context":"https:\/\/schema.org","@graph":[{"@type":"WebPage","@id":"https:\/\/bioextrasolum.it\/it\/lazienda\/","url":"https:\/\/bioextrasolum.it\/it\/lazienda\/","name":"L'Azienda - Azienda Agricola Bio Extra Solum di Vittorio Gariglio","isPartOf":{"@id":"https:\/\/bioextrasolum.it\/it\/#website"},"datePublished":"2020-11-21T18:35:31+00:00","dateModified":"2020-12-14T17:39:26+00:00","breadcrumb":{"@id":"https:\/\/bioextrasolum.it\/it\/lazienda\/#breadcrumb"},"inLanguage":"it-IT","potentialAction":[{"@type":"ReadAction","target":["https:\/\/bioextrasolum.it\/it\/lazienda\/"]}]},{"@type":"BreadcrumbList","@id":"https:\/\/bioextrasolum.it\/it\/lazienda\/#breadcrumb","itemListElement":[{"@type":"ListItem","position":1,"name":"Home","item":"https:\/\/bioextrasolum.it\/it\/homepage\/"},{"@type":"ListItem","position":2,"name":"L&#8217;Azienda"}]},{"@type":"WebSite","@id":"https:\/\/bioextrasolum.it\/it\/#website","url":"https:\/\/bioextrasolum.it\/it\/","name":"Azienda Agricola Bio Extra Solum di Vittorio Gariglio","description":"","potentialAction":[{"@type":"SearchAction","target":{"@type":"EntryPoint","urlTemplate":"https:\/\/bioextrasolum.it\/it\/?s={search_term_string}"},"query-input":"required name=search_term_string"}],"inLanguage":"it-IT"}]}},"_links":{"self":[{"href":"https:\/\/bioextrasolum.it\/it\/wp-json\/wp\/v2\/pages\/19\/"}],"collection":[{"href":"https:\/\/bioextrasolum.it\/it\/wp-json\/wp\/v2\/pages\/"}],"about":[{"href":"https:\/\/bioextrasolum.it\/it\/wp-json\/wp\/v2\/types\/page\/"}],"author":[{"embeddable":true,"href":"https:\/\/bioextrasolum.it\/it\/wp-json\/wp\/v2\/users\/2\/"}],"replies":[{"embeddable":true,"href":"https:\/\/bioextrasolum.it\/it\/wp-json\/wp\/v2\/comments\/?post=19"}],"version-history":[{"count":30,"href":"https:\/\/bioextrasolum.it\/it\/wp-json\/wp\/v2\/pages\/19\/revisions\/"}],"predecessor-version":[{"id":429,"href":"https:\/\/bioextrasolum.it\/it\/wp-json\/wp\/v2\/pages\/19\/revisions\/429\/"}],"wp:attachment":[{"href":"https:\/\/bioextrasolum.it\/it\/wp-json\/wp\/v2\/media\/?parent=19"}],"curies":[{"name":"wp","href":"https:\/\/api.w.org\/{rel}","templated":true}]}}