{"id":2,"date":"2020-11-21T19:15:48","date_gmt":"2020-11-21T18:15:48","guid":{"rendered":"http:\/\/bioextrasolum.it\/?page_id=2"},"modified":"2023-10-26T13:47:54","modified_gmt":"2023-10-26T11:47:54","slug":"homepage","status":"publish","type":"page","link":"https:\/\/bioextrasolum.it\/it\/","title":{"rendered":"Homepage"},"content":{"rendered":"<div id='av_section_1'  class='avia-section main_color avia-section-default avia-no-border-styling  avia-bg-style-scroll  avia-builder-el-0  el_before_av_section  avia-builder-el-first   container_wrap sidebar_right' style=' '  ><div class='container' ><main  role=\"main\" itemprop=\"mainContentOfPage\"  class='template-page content  av-content-small alpha units'><div class='post-entry post-entry-type-page post-entry-2'><div class='entry-content-wrapper clearfix'>\n<div class='flex_column_table av-equal-height-column-flextable -flextable' ><div class=\"flex_column av_one_half  flex_column_table_cell av-equal-height-column av-align-middle av-zero-column-padding first  avia-builder-el-1  el_before_av_one_half  avia-builder-el-first  \" style='border-radius:0px; '><p><div  style='padding-bottom:10px; ' class='av-special-heading av-special-heading-h1  blockquote modern-quote  avia-builder-el-2  el_before_av_button  avia-builder-el-first  '><h1 class='av-special-heading-tag '  itemprop=\"headline\"  >BioExtraSolum<br \/>\nColtivare Bio,<br \/>\nnaturalmente.<\/h1><div class ='av-subheading av-subheading_below  ' style='font-size:15px;'><p>La nostra mission \u00e8 di portare per tutto l\u2019anno sulle vostre tavole piante biologiche di grande qualit\u00e0, coltivate grazie all\u2019uso di tecnologie innovative e soluzioni green per l&#8217;agricoltura indoor.<br \/>\nCrediamo in un&#8217;economia sostenibile e in un\u2019agricoltura sana mettendo a disposizione il nostro know-how per chi vuole investire nel futuro.<\/p>\n<\/div><div class='special-heading-border'><div class='special-heading-inner-border' ><\/div><\/div><\/div><br \/>\n<div  class='avia-button-wrap avia-button-left  avia-builder-el-3  el_after_av_heading  avia-builder-el-last ' ><a href='https:\/\/bioextrasolum.it\/it\/lazienda\/'  class='avia-button   avia-icon_select-no avia-color-theme-color avia-size-medium avia-position-left '   ><span class='avia_iconbox_title' >Scopri di pi\u00f9<\/span><\/a><\/div><\/p><\/div><div class='av-flex-placeholder'><\/div><div class=\"flex_column av_one_half  flex_column_table_cell av-equal-height-column av-align-middle av-zero-column-padding   avia-builder-el-4  el_after_av_one_half  avia-builder-el-last  \" style='border-radius:0px; '><div  class='avia-image-container  av-styling-    avia-builder-el-5  avia-builder-el-no-sibling  avia-align-center '  itemprop=\"image\" itemscope=\"itemscope\" itemtype=\"https:\/\/schema.org\/ImageObject\"  ><div class='avia-image-container-inner'><div class='avia-image-overlay-wrap'><img class='avia_image' src='https:\/\/bioextrasolum.it\/wp-content\/uploads\/2020\/12\/20200901_105740-1.jpg' alt='' title='20200901_105740' height=\"1532\" width=\"1223\"  itemprop=\"thumbnailUrl\"  \/><\/div><\/div><\/div><\/div><\/div><!--close column table wrapper. Autoclose: 1 -->\n\n<\/div><\/div><\/main><!-- close content main element --><\/div><\/div><div id='filosofia'  class='avia-section main_color avia-section-large avia-no-border-styling  avia-bg-style-scroll  avia-builder-el-6  el_after_av_section  el_before_av_section   container_wrap sidebar_right' style='background-color: #edeef4;  '  ><div class='container' ><div class='template-page content  av-content-small alpha units'><div class='post-entry post-entry-type-page post-entry-2'><div class='entry-content-wrapper clearfix'>\n<div class=\"flex_column av_one_fifth  flex_column_div av-zero-column-padding first  avia-builder-el-7  el_before_av_three_fifth  avia-builder-el-first  \" style='border-radius:0px; '><\/div><div class=\"flex_column av_three_fifth  flex_column_div av-zero-column-padding   avia-builder-el-8  el_after_av_one_fifth  el_before_av_one_fifth  \" style='border-radius:0px; '><div  style='padding-bottom:10px; ' class='av-special-heading av-special-heading-h2  blockquote modern-quote modern-centered  avia-builder-el-9  avia-builder-el-no-sibling  '><h2 class='av-special-heading-tag '  itemprop=\"headline\"  >La nostra filosofia<\/h2><div class ='av-subheading av-subheading_below  ' style='font-size:15px;'><p>Iniziando dai concimi e finendo con gli imballaggi, utilizziamo solo materie prive di<br \/>\nsostanze di origine animale, nel pieno rispetto delle regole di un\u2019agricoltura vegan.<\/p>\n<\/div><div class='special-heading-border'><div class='special-heading-inner-border' ><\/div><\/div><\/div><\/div><div class=\"flex_column av_one_fifth  flex_column_div av-zero-column-padding   avia-builder-el-10  el_after_av_three_fifth  el_before_av_one_third  \" style='border-radius:0px; '><\/div><div class=\"flex_column av_one_third  av-animated-generic bottom-to-top  flex_column_div av-zero-column-padding first  avia-builder-el-11  el_after_av_one_fifth  el_before_av_one_third  column-top-margin\" style='border-radius:0px; '><article  class=\"iconbox iconbox_top av-no-box   avia-builder-el-12  avia-builder-el-no-sibling  icona-uno \"  itemscope=\"itemscope\" itemtype=\"https:\/\/schema.org\/CreativeWork\" ><div class=\"iconbox_content\"><header class=\"entry-content-header\"><div class=\"iconbox_icon heading-color \" aria-hidden='true' data-av_icon='\ue854' data-av_iconfont='entypo-fontello'  ><\/div><h3 class='iconbox_content_title  '  itemprop=\"headline\"  >La tecnologia<br \/>\nche rispetta la natura<\/h3><\/header><div class='iconbox_content_container  '  itemprop=\"text\"  ><p>La BIO EXTRA SOLUM si prende cura del consumatore e dell\u2019ambiente, offrendo un prodotto di grande qualit\u00e0 e biologico.<br \/>\nLa BIO EXTRA SOLUM \u00e8 parte attiva nel cambiamento verso un utilizzo pi\u00f9 responsabile delle risorse: meno sprechi e pi\u00f9 rispetto per l\u2019ambiente.<br \/>\nUna continua ricerca verso l\u2019innovazione tecnologica ci permette di individuare soluzioni sempre pi\u00f9 all\u2019avanguardia nelle nostre coltivazioni;<br \/>\nne sono un esempio la nostra serra e l\u2019innovativa vertical farm, che ci consente di aumentare la produzione occupando meno suolo e meno risorse.<\/p>\n<\/div><\/div><footer class=\"entry-footer\"><\/footer><\/article><\/div><div class=\"flex_column av_one_third  av-animated-generic bottom-to-top  flex_column_div av-zero-column-padding   avia-builder-el-13  el_after_av_one_third  el_before_av_one_third  column-top-margin\" style='border-radius:0px; '><article  class=\"iconbox iconbox_top av-no-box   avia-builder-el-14  avia-builder-el-no-sibling  icona-due \"  itemscope=\"itemscope\" itemtype=\"https:\/\/schema.org\/CreativeWork\" ><div class=\"iconbox_content\"><header class=\"entry-content-header\"><div class=\"iconbox_icon heading-color \" aria-hidden='true' data-av_icon='\ue854' data-av_iconfont='entypo-fontello'  ><\/div><h3 class='iconbox_content_title  '  itemprop=\"headline\"  >L\u2019agricoltura<br \/>\namica degli animali<\/h3><\/header><div class='iconbox_content_container  '  itemprop=\"text\"  ><p>Produrre VEGANOK significa assenza totale di prodotti di origine animale, partendo dai concimi utilizzati per coltivare le nostre piante fino ad arrivare al packaging nella fase di confezionamento.<br \/>\nAttraverso la certificazione <a href=\"https:\/\/www.veganok.com\/it\/\" target=\"_blank\" rel=\"noopener\">Veganok<\/a> assicuriamo ai nostri clienti una completa assenza di derivati animali, per una filiera pi\u00f9 etica che soddisfi sia il consumatore finale, sia madre natura.<\/p>\n<\/div><\/div><footer class=\"entry-footer\"><\/footer><\/article><\/div><div class=\"flex_column av_one_third  av-animated-generic bottom-to-top  flex_column_div av-zero-column-padding   avia-builder-el-15  el_after_av_one_third  avia-builder-el-last  column-top-margin\" style='border-radius:0px; '><article  class=\"iconbox iconbox_top av-no-box   avia-builder-el-16  avia-builder-el-no-sibling  icona-tre \"  itemscope=\"itemscope\" itemtype=\"https:\/\/schema.org\/CreativeWork\" ><div class=\"iconbox_content\"><header class=\"entry-content-header\"><div class=\"iconbox_icon heading-color \" aria-hidden='true' data-av_icon='\ue854' data-av_iconfont='entypo-fontello'  ><\/div><h3 class='iconbox_content_title  '  itemprop=\"headline\"  >Verso un futuro sostenibile:<br \/>\nAgricoltura 4.0<\/h3><\/header><div class='iconbox_content_container  '  itemprop=\"text\"  ><p>In un mondo sempre pi\u00f9 in rapida crescita \u00e8 stato stimato che entro il 2050 dovremo produrre il 70% in pi\u00f9 di cibo. Per soddisfare questa richiesta sar\u00e0 necessario una grande attenzione verso le innovazioni tecnologiche in ambito agricolo, improntate sulla sostenibilit\u00e0 e l\u2019etica.<br \/>\nLa nostra ambizione \u00e8 infatti quella di perseguire un\u2019agricoltura 4.0 che non dipender\u00e0 pi\u00f9 dall&#8217;applicazione uniforme di acqua, fertilizzanti e pesticidi su interi campi, ma dall\u2019utilizzo di quantit\u00e0 ridotte di risorse concentrate su aree multilivello.<br \/>\nEd \u00e8 proprio per questo motivo che, grazie al contributo della Regione Piemonte nel 2018, abbiamo potuto realizzare un progetto che anticipa il futuro: un impianto di Vertical Farming unico in Italia.<\/p>\n<\/div><\/div><footer class=\"entry-footer\"><\/footer><\/article><\/div>\n\n<\/div><\/div><\/div><!-- close content main div --><\/div><\/div><div id='agricoltura'  class='avia-section main_color avia-section-default avia-no-border-styling  avia-bg-style-scroll  avia-builder-el-17  el_after_av_section  el_before_av_section   container_wrap sidebar_right' style=' '  ><div class='container' ><div class='template-page content  av-content-small alpha units'><div class='post-entry post-entry-type-page post-entry-2'><div class='entry-content-wrapper clearfix'>\n<div class=\"flex_column av_one_full  flex_column_div av-zero-column-padding first  avia-builder-el-18  el_before_av_one_fifth  avia-builder-el-first  \" style='border-radius:0px; '><div  style='padding-bottom:10px; ' class='av-special-heading av-special-heading-h2  blockquote modern-quote modern-centered  avia-builder-el-19  avia-builder-el-no-sibling  '><h2 class='av-special-heading-tag '  itemprop=\"headline\"  >La nostra Agricoltura 4.0<\/h2><div class ='av-subheading av-subheading_below  ' style='font-size:15px;'><p>La passione per ci\u00f2 che coltiviamo e la dedizione verso ci\u00f2 che portiamo avanti si ritrova in tutta la genuinit\u00e0 delle nostre piante:<br \/>\nprodotti dal gusto tradizionale e dall\u2019anima nobile.<\/p>\n<\/div><div class='special-heading-border'><div class='special-heading-inner-border' ><\/div><\/div><\/div><\/div><div class=\"flex_column av_one_fifth  flex_column_div av-zero-column-padding first  avia-builder-el-20  el_after_av_one_full  el_before_av_three_fifth  column-top-margin\" style='border-radius:0px; '><\/div><div class=\"flex_column av_three_fifth  flex_column_div av-zero-column-padding   avia-builder-el-21  el_after_av_one_fifth  el_before_av_one_fifth  column-top-margin\" style='border-radius:0px; '><section class=\"av_textblock_section \"  itemscope=\"itemscope\" itemtype=\"https:\/\/schema.org\/CreativeWork\" ><div class='avia_textblock  '   itemprop=\"text\" ><p style=\"text-align: center;\">Le nostre certificazioni:<\/p>\n<\/div><\/section><br \/>\n<div  class='avia-image-container  av-styling-    avia-builder-el-23  el_after_av_textblock  el_before_av_textblock  avia-align-center '  itemprop=\"image\" itemscope=\"itemscope\" itemtype=\"https:\/\/schema.org\/ImageObject\"  ><div class='avia-image-container-inner'><div class='avia-image-overlay-wrap'><img class='avia_image' src='https:\/\/bioextrasolum.it\/wp-content\/uploads\/2020\/11\/bioextrasolum-certificazioni-1030x262.png' alt='' title='bioextrasolum-certificazioni' height=\"262\" width=\"1030\"  itemprop=\"thumbnailUrl\"  \/><\/div><\/div><\/div><br \/>\n<section class=\"av_textblock_section \"  itemscope=\"itemscope\" itemtype=\"https:\/\/schema.org\/CreativeWork\" ><div class='avia_textblock  '   itemprop=\"text\" ><p style=\"text-align: center;\">Fondo Europeo Agricolo per lo Sviluppo Rurale:<\/p>\n<\/div><\/section><br \/>\n<div  class='avia-image-container  av-styling-    avia-builder-el-25  el_after_av_textblock  avia-builder-el-last  avia-align-center '  itemprop=\"image\" itemscope=\"itemscope\" itemtype=\"https:\/\/schema.org\/ImageObject\"  ><div class='avia-image-container-inner'><div class='avia-image-overlay-wrap'><img class='avia_image' src='https:\/\/bioextrasolum.it\/wp-content\/uploads\/2023\/10\/logo_regione.jpg' alt='' title='logo_regione' height=\"903\" width=\"1713\"  itemprop=\"thumbnailUrl\"  \/><\/div><\/div><\/div><\/p><\/div><div class=\"flex_column av_one_fifth  flex_column_div av-zero-column-padding   avia-builder-el-26  el_after_av_three_fifth  avia-builder-el-last  column-top-margin\" style='border-radius:0px; '><\/div><\/div><\/div><\/div><!-- close content main div --><\/div><\/div><div id='av_section_4'  class='avia-section main_color avia-section-default avia-no-border-styling  avia-bg-style-scroll  avia-builder-el-27  el_after_av_section  avia-builder-el-last   container_wrap sidebar_right' style='background-color: #edeef4;  '  ><div class='container' ><div class='template-page content  av-content-small alpha units'><div class='post-entry post-entry-type-page post-entry-2'><div class='entry-content-wrapper clearfix'>\n<div class=\"flex_column av_one_half  flex_column_div av-zero-column-padding first  avia-builder-el-28  el_before_av_one_half  avia-builder-el-first  \" style='border-radius:0px; '><div  class='avia-image-container  av-styling-    avia-builder-el-29  avia-builder-el-no-sibling  avia-align-center '  itemprop=\"image\" itemscope=\"itemscope\" itemtype=\"https:\/\/schema.org\/ImageObject\"  ><div class='avia-image-container-inner'><div class='avia-image-overlay-wrap'><img class='avia_image' src='https:\/\/bioextrasolum.it\/wp-content\/uploads\/2020\/12\/DJI_0138-scaled-845x684.jpg' alt='' title='DCIM100MEDIADJI_0138.JPG' height=\"684\" width=\"845\"  itemprop=\"thumbnailUrl\"  \/><\/div><\/div><\/div><\/div><div class=\"flex_column av_one_half  flex_column_div av-zero-column-padding   avia-builder-el-30  el_after_av_one_half  avia-builder-el-last  \" style='border-radius:0px; '><div  style='padding-bottom:10px; ' class='av-special-heading av-special-heading-h2  blockquote modern-quote  avia-builder-el-31  avia-builder-el-no-sibling  '><h2 class='av-special-heading-tag '  itemprop=\"headline\"  >Consulenza<\/h2><div class ='av-subheading av-subheading_below  ' style='font-size:15px;'><p>La BIO EXTRA SOLUM \u00e8 parte attiva nel cambiamento verso un utilizzo pi\u00f9 responsabile delle risorse: meno sprechi e pi\u00f9 rispetto per l\u2019ambiente.<br \/>\nUna continua ricerca verso l\u2019innovazione tecnologica ci permette di individuare soluzioni sempre pi\u00f9 all\u2019avanguardia nelle nostre coltivazioni; ne sono un esempio la nostra serra e l\u2019innovativa vertical farm, che ci consente di aumentare la produzione occupando meno suolo e meno risorse.<\/p>\n<p>La passione per ci\u00f2 che coltiviamo e la dedizione verso ci\u00f2 che portiamo avanti si ritrova in tutta la genuinit\u00e0 delle nostre piante: prodotti dal gusto tradizionale e dall\u2019anima nobile.<\/p>\n<p><a href=\"\/consulenza\">SCOPRI DI PI\u00da SULLA NOSTRA CONSULENZA<\/a><\/p>\n<\/div><div class='special-heading-border'><div class='special-heading-inner-border' ><\/div><\/div><\/div><\/div>\n<\/div><\/div><\/div><!-- close content main div --><\/div><\/div><div id='after_section_4'  class='main_color av_default_container_wrap container_wrap sidebar_right' style=' '  ><div class='container' ><div class='template-page content  av-content-small alpha units'><div class='post-entry post-entry-type-page post-entry-2'><div class='entry-content-wrapper clearfix'><\/p>\n","protected":false},"excerpt":{"rendered":"","protected":false},"author":2,"featured_media":0,"parent":0,"menu_order":0,"comment_status":"closed","ping_status":"closed","template":"","meta":[],"yoast_head":"<!-- This site is optimized with the Yoast SEO plugin v20.7 - https:\/\/yoast.com\/wordpress\/plugins\/seo\/ -->\n<title>Homepage - Azienda Agricola Bio Extra Solum di Vittorio Gariglio<\/title>\n<meta name=\"robots\" content=\"index, follow, max-snippet:-1, max-image-preview:large, max-video-preview:-1\" \/>\n<link rel=\"canonical\" href=\"https:\/\/bioextrasolum.it\/it\/homepage\/\" \/>\n<meta property=\"og:locale\" content=\"it_IT\" \/>\n<meta property=\"og:type\" content=\"article\" \/>\n<meta property=\"og:title\" content=\"Homepage - Azienda Agricola Bio Extra Solum di Vittorio Gariglio\" \/>\n<meta property=\"og:url\" content=\"https:\/\/bioextrasolum.it\/it\/homepage\/\" \/>\n<meta property=\"og:site_name\" content=\"Azienda Agricola Bio Extra Solum di Vittorio Gariglio\" \/>\n<meta property=\"article:modified_time\" content=\"2023-10-26T11:47:54+00:00\" \/>\n<meta name=\"twitter:card\" content=\"summary_large_image\" \/>\n<meta name=\"twitter:label1\" content=\"Tempo di lettura stimato\" \/>\n\t<meta name=\"twitter:data1\" content=\"9 minuti\" \/>\n<script type=\"application\/ld+json\" class=\"yoast-schema-graph\">{\"@context\":\"https:\/\/schema.org\",\"@graph\":[{\"@type\":\"WebPage\",\"@id\":\"https:\/\/bioextrasolum.it\/it\/homepage\/\",\"url\":\"https:\/\/bioextrasolum.it\/it\/homepage\/\",\"name\":\"Homepage - Azienda Agricola Bio Extra Solum di Vittorio Gariglio\",\"isPartOf\":{\"@id\":\"https:\/\/bioextrasolum.it\/it\/#website\"},\"datePublished\":\"2020-11-21T18:15:48+00:00\",\"dateModified\":\"2023-10-26T11:47:54+00:00\",\"breadcrumb\":{\"@id\":\"https:\/\/bioextrasolum.it\/it\/homepage\/#breadcrumb\"},\"inLanguage\":\"it-IT\",\"potentialAction\":[{\"@type\":\"ReadAction\",\"target\":[\"https:\/\/bioextrasolum.it\/it\/homepage\/\"]}]},{\"@type\":\"BreadcrumbList\",\"@id\":\"https:\/\/bioextrasolum.it\/it\/homepage\/#breadcrumb\",\"itemListElement\":[{\"@type\":\"ListItem\",\"position\":1,\"name\":\"Home\",\"item\":\"https:\/\/bioextrasolum.it\/it\/homepage\/\"},{\"@type\":\"ListItem\",\"position\":2,\"name\":\"Homepage\"}]},{\"@type\":\"WebSite\",\"@id\":\"https:\/\/bioextrasolum.it\/it\/#website\",\"url\":\"https:\/\/bioextrasolum.it\/it\/\",\"name\":\"Azienda Agricola Bio Extra Solum di Vittorio Gariglio\",\"description\":\"\",\"potentialAction\":[{\"@type\":\"SearchAction\",\"target\":{\"@type\":\"EntryPoint\",\"urlTemplate\":\"https:\/\/bioextrasolum.it\/it\/?s={search_term_string}\"},\"query-input\":\"required name=search_term_string\"}],\"inLanguage\":\"it-IT\"}]}<\/script>\n<!-- \/ Yoast SEO plugin. -->","yoast_head_json":{"title":"Homepage - Azienda Agricola Bio Extra Solum di Vittorio Gariglio","robots":{"index":"index","follow":"follow","max-snippet":"max-snippet:-1","max-image-preview":"max-image-preview:large","max-video-preview":"max-video-preview:-1"},"canonical":"https:\/\/bioextrasolum.it\/it\/homepage\/","og_locale":"it_IT","og_type":"article","og_title":"Homepage - Azienda Agricola Bio Extra Solum di Vittorio Gariglio","og_url":"https:\/\/bioextrasolum.it\/it\/homepage\/","og_site_name":"Azienda Agricola Bio Extra Solum di Vittorio Gariglio","article_modified_time":"2023-10-26T11:47:54+00:00","twitter_card":"summary_large_image","twitter_misc":{"Tempo di lettura stimato":"9 minuti"},"schema":{"@context":"https:\/\/schema.org","@graph":[{"@type":"WebPage","@id":"https:\/\/bioextrasolum.it\/it\/homepage\/","url":"https:\/\/bioextrasolum.it\/it\/homepage\/","name":"Homepage - Azienda Agricola Bio Extra Solum di Vittorio Gariglio","isPartOf":{"@id":"https:\/\/bioextrasolum.it\/it\/#website"},"datePublished":"2020-11-21T18:15:48+00:00","dateModified":"2023-10-26T11:47:54+00:00","breadcrumb":{"@id":"https:\/\/bioextrasolum.it\/it\/homepage\/#breadcrumb"},"inLanguage":"it-IT","potentialAction":[{"@type":"ReadAction","target":["https:\/\/bioextrasolum.it\/it\/homepage\/"]}]},{"@type":"BreadcrumbList","@id":"https:\/\/bioextrasolum.it\/it\/homepage\/#breadcrumb","itemListElement":[{"@type":"ListItem","position":1,"name":"Home","item":"https:\/\/bioextrasolum.it\/it\/homepage\/"},{"@type":"ListItem","position":2,"name":"Homepage"}]},{"@type":"WebSite","@id":"https:\/\/bioextrasolum.it\/it\/#website","url":"https:\/\/bioextrasolum.it\/it\/","name":"Azienda Agricola Bio Extra Solum di Vittorio Gariglio","description":"","potentialAction":[{"@type":"SearchAction","target":{"@type":"EntryPoint","urlTemplate":"https:\/\/bioextrasolum.it\/it\/?s={search_term_string}"},"query-input":"required name=search_term_string"}],"inLanguage":"it-IT"}]}},"_links":{"self":[{"href":"https:\/\/bioextrasolum.it\/it\/wp-json\/wp\/v2\/pages\/2\/"}],"collection":[{"href":"https:\/\/bioextrasolum.it\/it\/wp-json\/wp\/v2\/pages\/"}],"about":[{"href":"https:\/\/bioextrasolum.it\/it\/wp-json\/wp\/v2\/types\/page\/"}],"author":[{"embeddable":true,"href":"https:\/\/bioextrasolum.it\/it\/wp-json\/wp\/v2\/users\/2\/"}],"replies":[{"embeddable":true,"href":"https:\/\/bioextrasolum.it\/it\/wp-json\/wp\/v2\/comments\/?post=2"}],"version-history":[{"count":48,"href":"https:\/\/bioextrasolum.it\/it\/wp-json\/wp\/v2\/pages\/2\/revisions\/"}],"predecessor-version":[{"id":622,"href":"https:\/\/bioextrasolum.it\/it\/wp-json\/wp\/v2\/pages\/2\/revisions\/622\/"}],"wp:attachment":[{"href":"https:\/\/bioextrasolum.it\/it\/wp-json\/wp\/v2\/media\/?parent=2"}],"curies":[{"name":"wp","href":"https:\/\/api.w.org\/{rel}","templated":true}]}}