{"id":584,"date":"2023-05-17T18:40:28","date_gmt":"2023-05-17T16:40:28","guid":{"rendered":"https:\/\/bioextrasolum.it\/?page_id=584"},"modified":"2023-05-17T19:19:24","modified_gmt":"2023-05-17T17:19:24","slug":"food-forest","status":"publish","type":"page","link":"https:\/\/bioextrasolum.it\/it\/food-forest\/","title":{"rendered":"Food Forest"},"content":{"rendered":"<div id='av_section_1'  class='avia-section main_color avia-section-large avia-no-border-styling  av-parallax-section av-section-color-overlay-active avia-bg-style-parallax  avia-builder-el-0  el_before_av_textblock  avia-builder-el-first   container_wrap sidebar_right' style=' '  data-section-bg-repeat='no-repeat'><div class='av-parallax' data-avia-parallax-ratio='0.3' ><div class='av-parallax-inner main_color  avia-full-stretch' style = 'background-repeat: no-repeat; background-image: url(https:\/\/bioextrasolum.it\/wp-content\/uploads\/2023\/05\/INVERNO-scaled.jpg);background-attachment: scroll; background-position: center center; ' ><\/div><\/div><div class='av-section-color-overlay-wrap'><div class='av-section-color-overlay' style='opacity: 0.7; background-color: #36a650; '><\/div><div class='container' ><main  role=\"main\" itemprop=\"mainContentOfPage\"  class='template-page content  av-content-small alpha units'><div class='post-entry post-entry-type-page post-entry-584'><div class='entry-content-wrapper clearfix'>\n<div  style='padding-bottom:10px; color:#ffffff;' class='av-special-heading av-special-heading-h2 custom-color-heading blockquote modern-quote  avia-builder-el-1  avia-builder-el-no-sibling  '><h2 class='av-special-heading-tag '  itemprop=\"headline\"  >Spiral Food Forest<\/h2><div class ='av-subheading av-subheading_below av_custom_color ' style='font-size:15px;'><p>Un progetto a lungo termine<\/p>\n<\/div><div class='special-heading-border'><div class='special-heading-inner-border' style='border-color:#ffffff'><\/div><\/div><\/div>\n<\/div><\/div><\/main><!-- close content main element --><\/div><\/div><\/div><div id='after_section_1'  class='main_color av_default_container_wrap container_wrap sidebar_right' style=' '  ><div class='container' ><div class='template-page content  av-content-small alpha units'><div class='post-entry post-entry-type-page post-entry-584'><div class='entry-content-wrapper clearfix'>\n<section class=\"av_textblock_section \"  itemscope=\"itemscope\" itemtype=\"https:\/\/schema.org\/CreativeWork\" ><div class='avia_textblock  '   itemprop=\"text\" ><blockquote>\n<p>La Bio Extra Solum, grazie all&#8217;ottimizzazione del suolo occupato mediante tecnologie come il vertical farming e l&#8217;idroponica, \u00e8 riuscita a dedicare una parte dei propri terreni per la realizzazione di un progetto a lungo termine, chiamato Spiral Food Forest.<\/p>\n<\/blockquote>\n<p><a href=\"https:\/\/bioextrasolum.it\/wp-content\/uploads\/2023\/05\/PRIMAVERA-scaled.jpg\"><img decoding=\"async\" loading=\"lazy\" class=\"aligncenter wp-image-590 size-full\" src=\"https:\/\/bioextrasolum.it\/wp-content\/uploads\/2023\/05\/PRIMAVERA-scaled.jpg\" alt=\"\" width=\"2447\" height=\"2560\" srcset=\"https:\/\/bioextrasolum.it\/wp-content\/uploads\/2023\/05\/PRIMAVERA-scaled.jpg 2447w, https:\/\/bioextrasolum.it\/wp-content\/uploads\/2023\/05\/PRIMAVERA-287x300.jpg 287w, https:\/\/bioextrasolum.it\/wp-content\/uploads\/2023\/05\/PRIMAVERA-984x1030.jpg 984w, https:\/\/bioextrasolum.it\/wp-content\/uploads\/2023\/05\/PRIMAVERA-768x804.jpg 768w, https:\/\/bioextrasolum.it\/wp-content\/uploads\/2023\/05\/PRIMAVERA-1468x1536.jpg 1468w, https:\/\/bioextrasolum.it\/wp-content\/uploads\/2023\/05\/PRIMAVERA-1957x2048.jpg 1957w, https:\/\/bioextrasolum.it\/wp-content\/uploads\/2023\/05\/PRIMAVERA-1434x1500.jpg 1434w, https:\/\/bioextrasolum.it\/wp-content\/uploads\/2023\/05\/PRIMAVERA-674x705.jpg 674w\" sizes=\"(max-width: 2447px) 100vw, 2447px\" \/><\/a>Una food forest, o foresta alimentare, \u00e8 un sistema agricolo basato su principi naturali che cerca di imitare gli ecosistemi forestali, creando una comunit\u00e0 di piante commestibili, arbusti, alberi, funghi, animali e insetti in un&#8217;area relativamente piccola.<\/p>\n<p>Le foreste alimentari sono una forma di agricoltura sinergica ispirata dal concetto di permacultura, Il fine di questa scienza \u00e8 creare sistemi alimentari sostenibili, autosufficienti e resilienti, utilizzando principi ecologici per integrare piante, animali, persone e paesaggio in un unico sistema armonioso.<br \/>\nPer realizzare la nostra food forest abbiamo infatti utilizzato una combinazione di alberi, arbusti e piante erbacee compatibili tra di loro, in modo da favorire l&#8217;impollinazione, la riproduzione naturale e creare un sistema autosufficiente.<\/p>\n<p>Le foreste alimentari possono avere molteplici benefici: producono una vasta gamma di alimenti, erbe e piante medicinali, fornendo materie prime sane e naturali; migliorano la qualit\u00e0 del suolo e la biodiversit\u00e0 dell&#8217;area che le ospita e inoltre possono essere utilizzate per mitigare il cambiamento climatico, poich\u00e9 le piante assorbono la CO2 e migliorano la qualit\u00e0 dell&#8217;aria.<\/p>\n<p>I filari di piante seguono un andamento di una spirale aurea, una forma geometrica derivata dalla sequenza di Fibonacci, composta da una serie numerica in cui ogni numero \u00e8 la somma dei due numeri precedenti. La spirale aurea \u00e8 presente in molti fenomeni naturali, come le conchiglie dei molluschi, le forme delle galassie, le fronde delle piante, le onde del mare, e persino nel DNA.<br \/>\nSimbolo di armonia, la spirale aurea segue un ordine preciso e matematico che viene percepito dall&#8217;occhio come un insieme di proporzioni armoniche, in grado di attivare nell&#8217;essere umano una sensazione di benessere.<\/p>\n<p>Sei interessato al nostro progetto?<br \/>\nContattaci per maggiori informazioni alla mail: <a href=\"mailto:spiralfoodforest@bioextrasolum.it\">spiralfoodforest@bioextrasolum.it<\/a><\/p>\n<p>Se vuoi contribuire al suo sviluppo, visita il sito:<br \/>\n<a href=\"https:\/\/opensea.io\/collection\/spiralfoodforest\">https:\/\/opensea.io\/collection\/spiralfoodforest<\/a><\/p>\n<p>Potrai vedere nel tempo i progressi della nostra Spiral Food Forest e diventare proprietario di un esclusivo NFT!<\/p>\n<\/div><\/section>\n","protected":false},"excerpt":{"rendered":"","protected":false},"author":3,"featured_media":0,"parent":0,"menu_order":0,"comment_status":"closed","ping_status":"closed","template":"","meta":[],"yoast_head":"<!-- This site is optimized with the Yoast SEO plugin v20.7 - https:\/\/yoast.com\/wordpress\/plugins\/seo\/ -->\n<title>Food Forest - Azienda Agricola Bio Extra Solum di Vittorio Gariglio<\/title>\n<meta name=\"robots\" content=\"index, follow, max-snippet:-1, max-image-preview:large, max-video-preview:-1\" \/>\n<link rel=\"canonical\" href=\"https:\/\/bioextrasolum.it\/it\/food-forest\/\" \/>\n<meta property=\"og:locale\" content=\"it_IT\" \/>\n<meta property=\"og:type\" content=\"article\" \/>\n<meta property=\"og:title\" content=\"Food Forest - Azienda Agricola Bio Extra Solum di Vittorio Gariglio\" \/>\n<meta property=\"og:url\" content=\"https:\/\/bioextrasolum.it\/it\/food-forest\/\" \/>\n<meta property=\"og:site_name\" content=\"Azienda Agricola Bio Extra Solum di Vittorio Gariglio\" \/>\n<meta property=\"article:modified_time\" content=\"2023-05-17T17:19:24+00:00\" \/>\n<meta property=\"og:image\" content=\"https:\/\/bioextrasolum.it\/wp-content\/uploads\/2023\/05\/PRIMAVERA-scaled.jpg\" \/>\n<meta name=\"twitter:card\" content=\"summary_large_image\" \/>\n<meta name=\"twitter:label1\" content=\"Tempo di lettura stimato\" \/>\n\t<meta name=\"twitter:data1\" content=\"3 minuti\" \/>\n<script type=\"application\/ld+json\" class=\"yoast-schema-graph\">{\"@context\":\"https:\/\/schema.org\",\"@graph\":[{\"@type\":\"WebPage\",\"@id\":\"https:\/\/bioextrasolum.it\/it\/food-forest\/\",\"url\":\"https:\/\/bioextrasolum.it\/it\/food-forest\/\",\"name\":\"Food Forest - Azienda Agricola Bio Extra Solum di Vittorio Gariglio\",\"isPartOf\":{\"@id\":\"https:\/\/bioextrasolum.it\/it\/#website\"},\"datePublished\":\"2023-05-17T16:40:28+00:00\",\"dateModified\":\"2023-05-17T17:19:24+00:00\",\"breadcrumb\":{\"@id\":\"https:\/\/bioextrasolum.it\/it\/food-forest\/#breadcrumb\"},\"inLanguage\":\"it-IT\",\"potentialAction\":[{\"@type\":\"ReadAction\",\"target\":[\"https:\/\/bioextrasolum.it\/it\/food-forest\/\"]}]},{\"@type\":\"BreadcrumbList\",\"@id\":\"https:\/\/bioextrasolum.it\/it\/food-forest\/#breadcrumb\",\"itemListElement\":[{\"@type\":\"ListItem\",\"position\":1,\"name\":\"Home\",\"item\":\"https:\/\/bioextrasolum.it\/it\/homepage\/\"},{\"@type\":\"ListItem\",\"position\":2,\"name\":\"Food Forest\"}]},{\"@type\":\"WebSite\",\"@id\":\"https:\/\/bioextrasolum.it\/it\/#website\",\"url\":\"https:\/\/bioextrasolum.it\/it\/\",\"name\":\"Azienda Agricola Bio Extra Solum di Vittorio Gariglio\",\"description\":\"\",\"potentialAction\":[{\"@type\":\"SearchAction\",\"target\":{\"@type\":\"EntryPoint\",\"urlTemplate\":\"https:\/\/bioextrasolum.it\/it\/?s={search_term_string}\"},\"query-input\":\"required name=search_term_string\"}],\"inLanguage\":\"it-IT\"}]}<\/script>\n<!-- \/ Yoast SEO plugin. -->","yoast_head_json":{"title":"Food Forest - Azienda Agricola Bio Extra Solum di Vittorio Gariglio","robots":{"index":"index","follow":"follow","max-snippet":"max-snippet:-1","max-image-preview":"max-image-preview:large","max-video-preview":"max-video-preview:-1"},"canonical":"https:\/\/bioextrasolum.it\/it\/food-forest\/","og_locale":"it_IT","og_type":"article","og_title":"Food Forest - Azienda Agricola Bio Extra Solum di Vittorio Gariglio","og_url":"https:\/\/bioextrasolum.it\/it\/food-forest\/","og_site_name":"Azienda Agricola Bio Extra Solum di Vittorio Gariglio","article_modified_time":"2023-05-17T17:19:24+00:00","og_image":[{"url":"https:\/\/bioextrasolum.it\/wp-content\/uploads\/2023\/05\/PRIMAVERA-scaled.jpg"}],"twitter_card":"summary_large_image","twitter_misc":{"Tempo di lettura stimato":"3 minuti"},"schema":{"@context":"https:\/\/schema.org","@graph":[{"@type":"WebPage","@id":"https:\/\/bioextrasolum.it\/it\/food-forest\/","url":"https:\/\/bioextrasolum.it\/it\/food-forest\/","name":"Food Forest - Azienda Agricola Bio Extra Solum di Vittorio Gariglio","isPartOf":{"@id":"https:\/\/bioextrasolum.it\/it\/#website"},"datePublished":"2023-05-17T16:40:28+00:00","dateModified":"2023-05-17T17:19:24+00:00","breadcrumb":{"@id":"https:\/\/bioextrasolum.it\/it\/food-forest\/#breadcrumb"},"inLanguage":"it-IT","potentialAction":[{"@type":"ReadAction","target":["https:\/\/bioextrasolum.it\/it\/food-forest\/"]}]},{"@type":"BreadcrumbList","@id":"https:\/\/bioextrasolum.it\/it\/food-forest\/#breadcrumb","itemListElement":[{"@type":"ListItem","position":1,"name":"Home","item":"https:\/\/bioextrasolum.it\/it\/homepage\/"},{"@type":"ListItem","position":2,"name":"Food Forest"}]},{"@type":"WebSite","@id":"https:\/\/bioextrasolum.it\/it\/#website","url":"https:\/\/bioextrasolum.it\/it\/","name":"Azienda Agricola Bio Extra Solum di Vittorio Gariglio","description":"","potentialAction":[{"@type":"SearchAction","target":{"@type":"EntryPoint","urlTemplate":"https:\/\/bioextrasolum.it\/it\/?s={search_term_string}"},"query-input":"required name=search_term_string"}],"inLanguage":"it-IT"}]}},"_links":{"self":[{"href":"https:\/\/bioextrasolum.it\/it\/wp-json\/wp\/v2\/pages\/584\/"}],"collection":[{"href":"https:\/\/bioextrasolum.it\/it\/wp-json\/wp\/v2\/pages\/"}],"about":[{"href":"https:\/\/bioextrasolum.it\/it\/wp-json\/wp\/v2\/types\/page\/"}],"author":[{"embeddable":true,"href":"https:\/\/bioextrasolum.it\/it\/wp-json\/wp\/v2\/users\/3\/"}],"replies":[{"embeddable":true,"href":"https:\/\/bioextrasolum.it\/it\/wp-json\/wp\/v2\/comments\/?post=584"}],"version-history":[{"count":9,"href":"https:\/\/bioextrasolum.it\/it\/wp-json\/wp\/v2\/pages\/584\/revisions\/"}],"predecessor-version":[{"id":608,"href":"https:\/\/bioextrasolum.it\/it\/wp-json\/wp\/v2\/pages\/584\/revisions\/608\/"}],"wp:attachment":[{"href":"https:\/\/bioextrasolum.it\/it\/wp-json\/wp\/v2\/media\/?parent=584"}],"curies":[{"name":"wp","href":"https:\/\/api.w.org\/{rel}","templated":true}]}}